{"id":253,"date":"2025-03-28T07:48:57","date_gmt":"2025-03-28T07:48:57","guid":{"rendered":"https:\/\/elevet.site\/?page_id=253"},"modified":"2025-04-22T06:37:18","modified_gmt":"2025-04-22T06:37:18","slug":"partner-c-e-p-f-a","status":"publish","type":"page","link":"https:\/\/elevet.site\/az\/partner-c-e-p-f-a\/","title":{"rendered":"CEPFA"},"content":{"rendered":"<div data-elementor-type=\"wp-page\" data-elementor-id=\"253\" class=\"elementor elementor-253\">\n\t\t\t\t<div class=\"elementor-element elementor-element-376e599 e-flex e-con-boxed e-con e-parent\" data-id=\"376e599\" data-element_type=\"container\" data-settings=\"{&quot;background_background&quot;:&quot;classic&quot;,&quot;shape_divider_bottom&quot;:&quot;triangle&quot;}\">\n\t\t\t\t\t<div class=\"e-con-inner\">\n\t\t\t\t<div class=\"elementor-shape elementor-shape-bottom\" aria-hidden=\"true\" data-negative=\"false\">\n\t\t\t<svg xmlns=\"http:\/\/www.w3.org\/2000\/svg\" viewbox=\"0 0 1000 100\" preserveaspectratio=\"none\">\n\t<path class=\"elementor-shape-fill\" d=\"M500,98.9L0,6.1V0h1000v6.1L500,98.9z\"\/>\n<\/svg>\t\t<\/div>\n\t\t\t\t<div class=\"elementor-element elementor-element-f71617b elementor-widget elementor-widget-heading\" data-id=\"f71617b\" data-element_type=\"widget\" data-widget_type=\"heading.default\">\n\t\t\t\t<div class=\"elementor-widget-container\">\n\t\t\t\t\t<h2 class=\"elementor-heading-title elementor-size-default\">CEPFA<\/h2>\t\t\t\t<\/div>\n\t\t\t\t<\/div>\n\t\t\t\t\t<\/div>\n\t\t\t\t<\/div>\n\t\t<div class=\"elementor-element elementor-element-1e03b9b e-flex e-con-boxed e-con e-parent\" data-id=\"1e03b9b\" data-element_type=\"container\">\n\t\t\t\t\t<div class=\"e-con-inner\">\n\t\t<div class=\"elementor-element elementor-element-040d24d e-con-full e-flex e-con e-child\" data-id=\"040d24d\" data-element_type=\"container\">\n\t\t\t\t<div class=\"elementor-element elementor-element-e1932ff elementor-widget elementor-widget-image\" data-id=\"e1932ff\" data-element_type=\"widget\" data-widget_type=\"image.default\">\n\t\t\t\t<div class=\"elementor-widget-container\">\n\t\t\t\t\t\t\t\t\t\t\t\t\t\t\t<img fetchpriority=\"high\" decoding=\"async\" width=\"400\" height=\"402\" src=\"https:\/\/elevet.site\/wp-content\/uploads\/2025\/03\/Cepfa.webp\" class=\"attachment-large size-large wp-image-90\" alt=\"\" srcset=\"https:\/\/elevet.site\/wp-content\/uploads\/2025\/03\/Cepfa.webp 400w, https:\/\/elevet.site\/wp-content\/uploads\/2025\/03\/Cepfa-150x150.webp 150w\" sizes=\"(max-width: 400px) 100vw, 400px\" \/>\t\t\t\t\t\t\t\t\t\t\t\t\t\t\t<\/div>\n\t\t\t\t<\/div>\n\t\t\t\t<\/div>\n\t\t<div class=\"elementor-element elementor-element-598fb37 e-con-full e-flex e-con e-child\" data-id=\"598fb37\" data-element_type=\"container\">\n\t\t\t\t<div class=\"elementor-element elementor-element-712bf72 elementor-widget elementor-widget-text-editor\" data-id=\"712bf72\" data-element_type=\"widget\" data-widget_type=\"text-editor.default\">\n\t\t\t\t<div class=\"elementor-widget-container\">\n\t\t\t\t\t\t\t\t\t<p><span style=\"font-weight: 400;\">Fransa-Erm\u0259nistan Pe\u015f\u0259 T\u0259hsili M\u0259rk\u0259zi (CEPFA) Avropa standartlar\u0131na cavab ver\u0259n pe\u015f\u0259kar t\u0259liml\u0259r h\u0259yata ke\u00e7irir. 2001-ci ild\u0259 Erm\u0259nistan v\u0259 Fransa aras\u0131nda \u0259m\u0259kda\u015fl\u0131q m\u00fcqavil\u0259si \u0259sas\u0131nda qurulan o, ekspertl\u0259rin d\u0259st\u0259yi il\u0259 pe\u015f\u0259 t\u0259hsili v\u0259 Fransa institutlar\u0131 il\u0259 t\u0259l\u0259b\u0259 m\u00fcbadil\u0259si proqramlar\u0131 t\u0259klif edir.<\/span><\/p><p><span style=\"font-weight: 400;\">CEPFA m\u00fcasir laboratoriyalar, praktiki t\u0259liml\u0259r v\u0259 f\u0259rdi yana\u015fma vasit\u0259sil\u0259 \u0259m\u0259k bazar\u0131 \u00fc\u00e7\u00fcn r\u0259qab\u0259t\u0259davaml\u0131 m\u00fct\u0259x\u0259ssisl\u0259r haz\u0131rlay\u0131r. O, frans\u0131z dilli proqramlar, i\u015f\u0259g\u00f6t\u00fcr\u0259nl\u0259rl\u0259 birba\u015fa \u0259laq\u0259 v\u0259 real m\u0259\u015f\u011fulluq imkanlar\u0131 t\u0259klif edir.<\/span><\/p><p><span style=\"font-weight: 400;\">CEPFA h\u0259m\u00e7inin i\u015f\u0259g\u00f6t\u00fcr\u0259nl\u0259rin ehtiyaclar\u0131na uy\u011fun olaraq q\u0131sam\u00fcdd\u0259tli t\u0259lim kurslar\u0131 t\u0259\u015fkil edir.<\/span><\/p>\t\t\t\t\t\t\t\t<\/div>\n\t\t\t\t<\/div>\n\t\t\t\t<div class=\"elementor-element elementor-element-74bb637 elementor-shape-square e-grid-align-right elementor-grid-0 elementor-widget elementor-widget-social-icons\" data-id=\"74bb637\" data-element_type=\"widget\" data-widget_type=\"social-icons.default\">\n\t\t\t\t<div class=\"elementor-widget-container\">\n\t\t\t\t\t\t\t<div class=\"elementor-social-icons-wrapper elementor-grid\" role=\"list\">\n\t\t\t\t\t\t\t<span class=\"elementor-grid-item\" role=\"listitem\">\n\t\t\t\t\t<a class=\"elementor-icon elementor-social-icon elementor-social-icon-facebook elementor-repeater-item-a3f0217\" href=\"https:\/\/www.facebook.com\/lyceefrancoarm\" target=\"_blank\">\n\t\t\t\t\t\t<span class=\"elementor-screen-only\">Facebook<\/span>\n\t\t\t\t\t\t<svg aria-hidden=\"true\" class=\"e-font-icon-svg e-fab-facebook\" viewbox=\"0 0 512 512\" xmlns=\"http:\/\/www.w3.org\/2000\/svg\"><path d=\"M504 256C504 119 393 8 256 8S8 119 8 256c0 123.78 90.69 226.38 209.25 245V327.69h-63V256h63v-54.64c0-62.15 37-96.48 93.67-96.48 27.14 0 55.52 4.84 55.52 4.84v61h-31.28c-30.8 0-40.41 19.12-40.41 38.73V256h68.78l-11 71.69h-57.78V501C413.31 482.38 504 379.78 504 256z\"><\/path><\/svg>\t\t\t\t\t<\/a>\n\t\t\t\t<\/span>\n\t\t\t\t\t\t\t<span class=\"elementor-grid-item\" role=\"listitem\">\n\t\t\t\t\t<a class=\"elementor-icon elementor-social-icon elementor-social-icon-instagram elementor-repeater-item-47bfd51\" href=\"https:\/\/www.instagram.com\/c_e_p_f_a?utm_source=ig_web_button_share_sheet&#038;igsh=ZDNlZDc0MzIxNw==\" target=\"_blank\">\n\t\t\t\t\t\t<span class=\"elementor-screen-only\">Instagram<\/span>\n\t\t\t\t\t\t<svg aria-hidden=\"true\" class=\"e-font-icon-svg e-fab-instagram\" viewbox=\"0 0 448 512\" xmlns=\"http:\/\/www.w3.org\/2000\/svg\"><path d=\"M224.1 141c-63.6 0-114.9 51.3-114.9 114.9s51.3 114.9 114.9 114.9S339 319.5 339 255.9 287.7 141 224.1 141zm0 189.6c-41.1 0-74.7-33.5-74.7-74.7s33.5-74.7 74.7-74.7 74.7 33.5 74.7 74.7-33.6 74.7-74.7 74.7zm146.4-194.3c0 14.9-12 26.8-26.8 26.8-14.9 0-26.8-12-26.8-26.8s12-26.8 26.8-26.8 26.8 12 26.8 26.8zm76.1 27.2c-1.7-35.9-9.9-67.7-36.2-93.9-26.2-26.2-58-34.4-93.9-36.2-37-2.1-147.9-2.1-184.9 0-35.8 1.7-67.6 9.9-93.9 36.1s-34.4 58-36.2 93.9c-2.1 37-2.1 147.9 0 184.9 1.7 35.9 9.9 67.7 36.2 93.9s58 34.4 93.9 36.2c37 2.1 147.9 2.1 184.9 0 35.9-1.7 67.7-9.9 93.9-36.2 26.2-26.2 34.4-58 36.2-93.9 2.1-37 2.1-147.8 0-184.8zM398.8 388c-7.8 19.6-22.9 34.7-42.6 42.6-29.5 11.7-99.5 9-132.1 9s-102.7 2.6-132.1-9c-19.6-7.8-34.7-22.9-42.6-42.6-11.7-29.5-9-99.5-9-132.1s-2.6-102.7 9-132.1c7.8-19.6 22.9-34.7 42.6-42.6 29.5-11.7 99.5-9 132.1-9s102.7-2.6 132.1 9c19.6 7.8 34.7 22.9 42.6 42.6 11.7 29.5 9 99.5 9 132.1s2.7 102.7-9 132.1z\"><\/path><\/svg>\t\t\t\t\t<\/a>\n\t\t\t\t<\/span>\n\t\t\t\t\t<\/div>\n\t\t\t\t\t\t<\/div>\n\t\t\t\t<\/div>\n\t\t\t\t<\/div>\n\t\t\t\t\t<\/div>\n\t\t\t\t<\/div>\n\t\t\t\t<\/div>","protected":false},"excerpt":{"rendered":"<p>CEPFA The French-Armenian Vocational Education Center (CEPFA) provides professional training that meets European standards. Founded in 2001 through a cooperation agreement between Armenia and France, it offers vocational education with support from experts and student exchange programs with French institutions. CEPFA prepares competitive specialists for the job market through modern laboratories, hands-on training, and an [&hellip;]<\/p>","protected":false},"author":1,"featured_media":0,"parent":0,"menu_order":0,"comment_status":"closed","ping_status":"closed","template":"","meta":{"footnotes":""},"class_list":["post-253","page","type-page","status-publish","hentry"],"blocksy_meta":[],"_links":{"self":[{"href":"https:\/\/elevet.site\/az\/wp-json\/wp\/v2\/pages\/253","targetHints":{"allow":["GET"]}}],"collection":[{"href":"https:\/\/elevet.site\/az\/wp-json\/wp\/v2\/pages"}],"about":[{"href":"https:\/\/elevet.site\/az\/wp-json\/wp\/v2\/types\/page"}],"author":[{"embeddable":true,"href":"https:\/\/elevet.site\/az\/wp-json\/wp\/v2\/users\/1"}],"replies":[{"embeddable":true,"href":"https:\/\/elevet.site\/az\/wp-json\/wp\/v2\/comments?post=253"}],"version-history":[{"count":13,"href":"https:\/\/elevet.site\/az\/wp-json\/wp\/v2\/pages\/253\/revisions"}],"predecessor-version":[{"id":473,"href":"https:\/\/elevet.site\/az\/wp-json\/wp\/v2\/pages\/253\/revisions\/473"}],"wp:attachment":[{"href":"https:\/\/elevet.site\/az\/wp-json\/wp\/v2\/media?parent=253"}],"curies":[{"name":"wp","href":"https:\/\/api.w.org\/{rel}","templated":true}]}}