{"id":261,"date":"2025-03-28T07:50:41","date_gmt":"2025-03-28T07:50:41","guid":{"rendered":"https:\/\/elevet.site\/?page_id=261"},"modified":"2025-11-20T05:58:21","modified_gmt":"2025-11-20T05:58:21","slug":"partner-gim","status":"publish","type":"page","link":"https:\/\/elevet.site\/az\/partner-gim\/","title":{"rendered":"GIM"},"content":{"rendered":"<div data-elementor-type=\"wp-page\" data-elementor-id=\"261\" class=\"elementor elementor-261\">\n\t\t\t\t<div class=\"elementor-element elementor-element-b6386c8 e-flex e-con-boxed e-con e-parent\" data-id=\"b6386c8\" data-element_type=\"container\" data-settings=\"{&quot;background_background&quot;:&quot;classic&quot;,&quot;shape_divider_bottom&quot;:&quot;triangle&quot;}\">\n\t\t\t\t\t<div class=\"e-con-inner\">\n\t\t\t\t<div class=\"elementor-shape elementor-shape-bottom\" aria-hidden=\"true\" data-negative=\"false\">\n\t\t\t<svg xmlns=\"http:\/\/www.w3.org\/2000\/svg\" viewbox=\"0 0 1000 100\" preserveaspectratio=\"none\">\n\t<path class=\"elementor-shape-fill\" d=\"M500,98.9L0,6.1V0h1000v6.1L500,98.9z\"\/>\n<\/svg>\t\t<\/div>\n\t\t\t\t<div class=\"elementor-element elementor-element-858a6e2 elementor-widget elementor-widget-heading\" data-id=\"858a6e2\" data-element_type=\"widget\" data-widget_type=\"heading.default\">\n\t\t\t\t<div class=\"elementor-widget-container\">\n\t\t\t\t\t<h2 class=\"elementor-heading-title elementor-size-default\">Ya\u015f\u0131l Bax\u0131\u015f Akademiyas\u0131<\/h2>\t\t\t\t<\/div>\n\t\t\t\t<\/div>\n\t\t\t\t\t<\/div>\n\t\t\t\t<\/div>\n\t\t<div class=\"elementor-element elementor-element-f2e950a e-flex e-con-boxed e-con e-parent\" data-id=\"f2e950a\" data-element_type=\"container\">\n\t\t\t\t\t<div class=\"e-con-inner\">\n\t\t<div class=\"elementor-element elementor-element-7edc65b e-con-full e-flex e-con e-child\" data-id=\"7edc65b\" data-element_type=\"container\">\n\t\t\t\t<div class=\"elementor-element elementor-element-039c851 elementor-widget elementor-widget-image\" data-id=\"039c851\" data-element_type=\"widget\" data-widget_type=\"image.default\">\n\t\t\t\t<div class=\"elementor-widget-container\">\n\t\t\t\t\t\t\t\t\t\t\t\t\t\t\t<img fetchpriority=\"high\" decoding=\"async\" width=\"997\" height=\"1024\" src=\"https:\/\/elevet.site\/wp-content\/uploads\/2025\/11\/Greenvision_academy_logo-997x1024.webp\" class=\"attachment-large size-large wp-image-492\" alt=\"\" srcset=\"https:\/\/elevet.site\/wp-content\/uploads\/2025\/11\/Greenvision_academy_logo-997x1024.webp 997w, https:\/\/elevet.site\/wp-content\/uploads\/2025\/11\/Greenvision_academy_logo-292x300.webp 292w, https:\/\/elevet.site\/wp-content\/uploads\/2025\/11\/Greenvision_academy_logo-768x789.webp 768w, https:\/\/elevet.site\/wp-content\/uploads\/2025\/11\/Greenvision_academy_logo-1496x1536.webp 1496w, https:\/\/elevet.site\/wp-content\/uploads\/2025\/11\/Greenvision_academy_logo-1995x2048.webp 1995w, https:\/\/elevet.site\/wp-content\/uploads\/2025\/11\/Greenvision_academy_logo-12x12.webp 12w\" sizes=\"(max-width: 997px) 100vw, 997px\" \/>\t\t\t\t\t\t\t\t\t\t\t\t\t\t\t<\/div>\n\t\t\t\t<\/div>\n\t\t\t\t<\/div>\n\t\t<div class=\"elementor-element elementor-element-ccd5ed6 e-con-full e-flex e-con e-child\" data-id=\"ccd5ed6\" data-element_type=\"container\">\n\t\t\t\t<div class=\"elementor-element elementor-element-735b7d3 elementor-widget elementor-widget-text-editor\" data-id=\"735b7d3\" data-element_type=\"widget\" data-widget_type=\"text-editor.default\">\n\t\t\t\t<div class=\"elementor-widget-container\">\n\t\t\t\t\t\t\t\t\t<p>Green Vision Academy Az\u0259rbaycanda y\u00fcks\u0259k keyfiyy\u0259tli t\u0259hsil v\u0259 t\u0259lim proqramlar\u0131 vasit\u0259sil\u0259 ya\u015f\u0131l bacar\u0131qlar\u0131n, sahibkarl\u0131\u011f\u0131n v\u0259 davaml\u0131 innovasiyalar\u0131n inki\u015faf\u0131na h\u0259sr olunub. Biz g\u0259ncl\u0259ri, pe\u015f\u0259karlar\u0131 v\u0259 pedaqoqlar\u0131 pe\u015f\u0259 t\u0259hsili, ya\u015f\u0131l texniki pe\u015f\u0259 t\u0259hsili v\u0259 GreenComp, EntreComp v\u0259 DigiComp kimi Avropan\u0131n \u0259sas s\u0259ri\u015ft\u0259 \u00e7\u0259r\u00e7iv\u0259l\u0259rinin q\u0259bulunu t\u0259\u015fviq etm\u0259kl\u0259 d\u0259yi\u015fdirici olmaq \u00fc\u00e7\u00fcn g\u00fccl\u0259ndirm\u0259k m\u0259qs\u0259di da\u015f\u0131y\u0131r\u0131q. Yerli v\u0259 beyn\u0259lxalq institutlarla t\u0259r\u0259fda\u015fl\u0131q vasit\u0259sil\u0259 biz ekoloji davaml\u0131l\u0131\u011f\u0131, t\u0259bi\u0259t\u0259 \u0259saslanan h\u0259ll\u0259ri (NBS) v\u0259 inkl\u00fcziv, g\u0259l\u0259c\u0259y\u0259 haz\u0131r icmalar\u0131n inki\u015faf\u0131n\u0131 d\u0259st\u0259kl\u0259y\u0259n t\u0259\u015f\u0259bb\u00fcsl\u0259ri ir\u0259li s\u00fcr\u00fcr\u00fck.<br \/>GVA-n\u0131n \u0259sas m\u0259qs\u0259di: Az\u0259rbaycanda g\u0259ncl\u0259ri x\u00fcsusil\u0259 b\u0259rpa olunan enerji, a\u011f\u0131ll\u0131 k\u0259nd t\u0259s\u0259rr\u00fcfat\u0131 v\u0259 t\u0259bi\u0259t\u0259 \u0259saslanan h\u0259ll\u0259r (NBS) sah\u0259l\u0259rind\u0259 \u0259sas ya\u015f\u0131l bacar\u0131qlar v\u0259 sahibkarl\u0131q s\u0259ri\u015ft\u0259l\u0259ri il\u0259 t\u0259chiz etm\u0259kl\u0259 davaml\u0131 ekoloji t\u0259cr\u00fcb\u0259l\u0259ri t\u0259\u015fviq etm\u0259k v\u0259 \u00f6m\u00fcrboyu t\u0259hsili t\u0259\u015fviq etm\u0259k. Eyni zamanda, m\u00fcxt\u0259lif proqramlar, pe\u015f\u0259kar inki\u015faf t\u0259liml\u0259ri v\u0259 i\u015f t\u0259cr\u00fcb\u0259si imkanlar\u0131 vasit\u0259sil\u0259 biznes, sahibkarl\u0131q, maliyy\u0259 v\u0259 iqtisadiyyat\u0131n \u0259saslar\u0131n\u0131 \u00f6yr\u0259tm\u0259kl\u0259 g\u0259ncl\u0259ri g\u0259l\u0259c\u0259k karyeralar\u0131nda u\u011furlara istiqam\u0259tl\u0259ndirm\u0259k v\u0259 haz\u0131rlamaq m\u0259qs\u0259di da\u015f\u0131y\u0131r\u0131q.<\/p>\t\t\t\t\t\t\t\t<\/div>\n\t\t\t\t<\/div>\n\t\t\t\t<div class=\"elementor-element elementor-element-a0ea5fe elementor-shape-square e-grid-align-right elementor-grid-0 elementor-widget elementor-widget-social-icons\" data-id=\"a0ea5fe\" data-element_type=\"widget\" data-widget_type=\"social-icons.default\">\n\t\t\t\t<div class=\"elementor-widget-container\">\n\t\t\t\t\t\t\t<div class=\"elementor-social-icons-wrapper elementor-grid\" role=\"list\">\n\t\t\t\t\t\t\t<span class=\"elementor-grid-item\" role=\"listitem\">\n\t\t\t\t\t<a class=\"elementor-icon elementor-social-icon elementor-social-icon-facebook elementor-repeater-item-a3f0217\" target=\"_blank\">\n\t\t\t\t\t\t<span class=\"elementor-screen-only\">Facebook<\/span>\n\t\t\t\t\t\t<svg aria-hidden=\"true\" class=\"e-font-icon-svg e-fab-facebook\" viewbox=\"0 0 512 512\" xmlns=\"http:\/\/www.w3.org\/2000\/svg\"><path d=\"M504 256C504 119 393 8 256 8S8 119 8 256c0 123.78 90.69 226.38 209.25 245V327.69h-63V256h63v-54.64c0-62.15 37-96.48 93.67-96.48 27.14 0 55.52 4.84 55.52 4.84v61h-31.28c-30.8 0-40.41 19.12-40.41 38.73V256h68.78l-11 71.69h-57.78V501C413.31 482.38 504 379.78 504 256z\"><\/path><\/svg>\t\t\t\t\t<\/a>\n\t\t\t\t<\/span>\n\t\t\t\t\t\t\t<span class=\"elementor-grid-item\" role=\"listitem\">\n\t\t\t\t\t<a class=\"elementor-icon elementor-social-icon elementor-social-icon-linkedin elementor-repeater-item-47bfd51\" target=\"_blank\">\n\t\t\t\t\t\t<span class=\"elementor-screen-only\">Linkedin<\/span>\n\t\t\t\t\t\t<svg aria-hidden=\"true\" class=\"e-font-icon-svg e-fab-linkedin\" viewbox=\"0 0 448 512\" xmlns=\"http:\/\/www.w3.org\/2000\/svg\"><path d=\"M416 32H31.9C14.3 32 0 46.5 0 64.3v383.4C0 465.5 14.3 480 31.9 480H416c17.6 0 32-14.5 32-32.3V64.3c0-17.8-14.4-32.3-32-32.3zM135.4 416H69V202.2h66.5V416zm-33.2-243c-21.3 0-38.5-17.3-38.5-38.5S80.9 96 102.2 96c21.2 0 38.5 17.3 38.5 38.5 0 21.3-17.2 38.5-38.5 38.5zm282.1 243h-66.4V312c0-24.8-.5-56.7-34.5-56.7-34.6 0-39.9 27-39.9 54.9V416h-66.4V202.2h63.7v29.2h.9c8.9-16.8 30.6-34.5 62.9-34.5 67.2 0 79.7 44.3 79.7 101.9V416z\"><\/path><\/svg>\t\t\t\t\t<\/a>\n\t\t\t\t<\/span>\n\t\t\t\t\t\t\t<span class=\"elementor-grid-item\" role=\"listitem\">\n\t\t\t\t\t<a class=\"elementor-icon elementor-social-icon elementor-social-icon-telegram elementor-repeater-item-565f804\" target=\"_blank\">\n\t\t\t\t\t\t<span class=\"elementor-screen-only\">Telegram<\/span>\n\t\t\t\t\t\t<svg aria-hidden=\"true\" class=\"e-font-icon-svg e-fab-telegram\" viewbox=\"0 0 496 512\" xmlns=\"http:\/\/www.w3.org\/2000\/svg\"><path d=\"M248 8C111 8 0 119 0 256s111 248 248 248 248-111 248-248S385 8 248 8zm121.8 169.9l-40.7 191.8c-3 13.6-11.1 16.9-22.4 10.5l-62-45.7-29.9 28.8c-3.3 3.3-6.1 6.1-12.5 6.1l4.4-63.1 114.9-103.8c5-4.4-1.1-6.9-7.7-2.5l-142 89.4-61.2-19.1c-13.3-4.2-13.6-13.3 2.8-19.7l239.1-92.2c11.1-4 20.8 2.7 17.2 19.5z\"><\/path><\/svg>\t\t\t\t\t<\/a>\n\t\t\t\t<\/span>\n\t\t\t\t\t\t\t<span class=\"elementor-grid-item\" role=\"listitem\">\n\t\t\t\t\t<a class=\"elementor-icon elementor-social-icon elementor-social-icon-globe elementor-repeater-item-ed9319d\" target=\"_blank\">\n\t\t\t\t\t\t<span class=\"elementor-screen-only\">Qlobus<\/span>\n\t\t\t\t\t\t<svg aria-hidden=\"true\" class=\"e-font-icon-svg e-fas-globe\" viewbox=\"0 0 496 512\" xmlns=\"http:\/\/www.w3.org\/2000\/svg\"><path d=\"M336.5 160C322 70.7 287.8 8 248 8s-74 62.7-88.5 152h177zM152 256c0 22.2 1.2 43.5 3.3 64h185.3c2.1-20.5 3.3-41.8 3.3-64s-1.2-43.5-3.3-64H155.3c-2.1 20.5-3.3 41.8-3.3 64zm324.7-96c-28.6-67.9-86.5-120.4-158-141.6 24.4 33.8 41.2 84.7 50 141.6h108zM177.2 18.4C105.8 39.6 47.8 92.1 19.3 160h108c8.7-56.9 25.5-107.8 49.9-141.6zM487.4 192H372.7c2.1 21 3.3 42.5 3.3 64s-1.2 43-3.3 64h114.6c5.5-20.5 8.6-41.8 8.6-64s-3.1-43.5-8.5-64zM120 256c0-21.5 1.2-43 3.3-64H8.6C3.2 212.5 0 233.8 0 256s3.2 43.5 8.6 64h114.6c-2-21-3.2-42.5-3.2-64zm39.5 96c14.5 89.3 48.7 152 88.5 152s74-62.7 88.5-152h-177zm159.3 141.6c71.4-21.2 129.4-73.7 158-141.6h-108c-8.8 56.9-25.6 107.8-50 141.6zM19.3 352c28.6 67.9 86.5 120.4 158 141.6-24.4-33.8-41.2-84.7-50-141.6h-108z\"><\/path><\/svg>\t\t\t\t\t<\/a>\n\t\t\t\t<\/span>\n\t\t\t\t\t<\/div>\n\t\t\t\t\t\t<\/div>\n\t\t\t\t<\/div>\n\t\t\t\t<\/div>\n\t\t\t\t\t<\/div>\n\t\t\t\t<\/div>\n\t\t\t\t<\/div>","protected":false},"excerpt":{"rendered":"<p>Green\u00a0Vision\u00a0Academy Green Vision Academy is dedicated to advancing green skills, entrepreneurship, and sustainable innovation through high-quality education and training programs in Azerbaijan. We aim to empower young people, professionals, and educators to become changemakers by promoting vocational education, green TVET, and the adoption of key European competence frameworks such as GreenComp, EntreComp, and DigiComp. Through [&hellip;]<\/p>","protected":false},"author":1,"featured_media":0,"parent":0,"menu_order":0,"comment_status":"closed","ping_status":"closed","template":"","meta":{"footnotes":""},"class_list":["post-261","page","type-page","status-publish","hentry"],"blocksy_meta":[],"_links":{"self":[{"href":"https:\/\/elevet.site\/az\/wp-json\/wp\/v2\/pages\/261","targetHints":{"allow":["GET"]}}],"collection":[{"href":"https:\/\/elevet.site\/az\/wp-json\/wp\/v2\/pages"}],"about":[{"href":"https:\/\/elevet.site\/az\/wp-json\/wp\/v2\/types\/page"}],"author":[{"embeddable":true,"href":"https:\/\/elevet.site\/az\/wp-json\/wp\/v2\/users\/1"}],"replies":[{"embeddable":true,"href":"https:\/\/elevet.site\/az\/wp-json\/wp\/v2\/comments?post=261"}],"version-history":[{"count":13,"href":"https:\/\/elevet.site\/az\/wp-json\/wp\/v2\/pages\/261\/revisions"}],"predecessor-version":[{"id":498,"href":"https:\/\/elevet.site\/az\/wp-json\/wp\/v2\/pages\/261\/revisions\/498"}],"wp:attachment":[{"href":"https:\/\/elevet.site\/az\/wp-json\/wp\/v2\/media?parent=261"}],"curies":[{"name":"wp","href":"https:\/\/api.w.org\/{rel}","templated":true}]}}