{"id":331,"date":"2025-04-01T13:27:21","date_gmt":"2025-04-01T13:27:21","guid":{"rendered":"https:\/\/elevet.site\/?page_id=331"},"modified":"2025-04-01T13:27:22","modified_gmt":"2025-04-01T13:27:22","slug":"terms-and-conditions","status":"publish","type":"page","link":"https:\/\/elevet.site\/az\/terms-and-conditions\/","title":{"rendered":"Qaydalar v\u0259 \u015e\u0259rtl\u0259r"},"content":{"rendered":"<p style=\"margin-top:30px\">Q\u00fcvv\u0259y\u0259 minm\u0259 tarixi: 01\/04\/2025<\/p>\n\n\n\n<p>Elevet-\u0259 xo\u015f g\u0259lmisiniz (\u201cVeb sayt\u201d). Daxil olmaq v\u0259 istifad\u0259 etm\u0259kl\u0259 <a>https:\/\/elevet.site\/<\/a> (\u201cbiz\u201d, \u201cbiz\u201d v\u0259 ya \u201cbizim\u201d), bu Qaydalar v\u0259 \u015e\u0259rtl\u0259r\u0259 \u0259m\u0259l etm\u0259y\u0259 raz\u0131s\u0131n\u0131z. Raz\u0131 deyilsinizs\u0259, l\u00fctf\u0259n, sayt\u0131m\u0131zdan istifad\u0259 etm\u0259kd\u0259n \u00e7\u0259kinin.<\/p>\n\n\n\n<h3 class=\"wp-block-heading\">1. \u018fqli M\u00fclkiyy\u0259t<\/h3>\n\n\n\n<p>Elevet-d\u0259 d\u0259rc olunan b\u00fct\u00fcn m\u0259zmun, o c\u00fcml\u0259d\u0259n m\u0259qal\u0259l\u0259r, \u015f\u0259kill\u0259r, loqolar v\u0259 qrafikl\u0259r biz\u0259 m\u0259xsusdur v\u0259 ya icaz\u0259 il\u0259 istifad\u0259 olunur. M\u0259zmunumuzun icaz\u0259siz \u00e7oxald\u0131lmas\u0131, yay\u0131lmas\u0131 v\u0259 ya d\u0259yi\u015fdirilm\u0259si qada\u011fand\u0131r.<\/p>\n\n\n\n<h3 class=\"wp-block-heading\">2. Vebsaytdan istifad\u0259<\/h3>\n\n\n\n<p>Siz \u015f\u0259xsi v\u0259 qeyri-kommersiya m\u0259qs\u0259dl\u0259ri \u00fc\u00e7\u00fcn m\u0259zmuna daxil ola v\u0259 oxuya bil\u0259rsiniz. Hack, q\u0131r\u0131nt\u0131 v\u0259 ya m\u0259zmunun qeyri-qanuni istifad\u0259si kimi vebsaytdan h\u0259r hans\u0131 sui-istifad\u0259 q\u0259ti qada\u011fand\u0131r.<\/p>\n\n\n\n<h3 class=\"wp-block-heading\">3. Xarici Linkl\u0259r<\/h3>\n\n\n\n<p>Bloqumuza istinad \u00fc\u00e7\u00fcn \u00fc\u00e7\u00fcnc\u00fc t\u0259r\u0259fin vebsaytlar\u0131na ke\u00e7idl\u0259r daxil ola bil\u0259r. Biz onlar\u0131n m\u0259zmunu, siyas\u0259tl\u0259ri v\u0259 ya praktikalar\u0131na g\u00f6r\u0259 m\u0259suliyy\u0259t da\u015f\u0131m\u0131r\u0131q.<\/p>\n\n\n\n<h3 class=\"wp-block-heading\">4. \u0130mtina<\/h3>\n\n\n\n<p>Elevet-d\u0259 t\u0259qdim olunan m\u0259zmun yaln\u0131z m\u0259lumat m\u0259qs\u0259di da\u015f\u0131y\u0131r. Biz d\u0259qiqliy\u0259, taml\u0131\u011fa v\u0259 ya etibarl\u0131l\u0131\u011fa z\u0259man\u0259t vermirik. Veb saytdan istifad\u0259 riski sizin \u00fcz\u0259rinizd\u0259dir.<\/p>\n\n\n\n<h3 class=\"wp-block-heading\">5. \u015e\u0259rtl\u0259r\u0259 D\u0259yi\u015fiklikl\u0259r<\/h3>\n\n\n\n<p>Biz bu Qaydalar\u0131 v\u0259 \u015e\u0259rtl\u0259ri ist\u0259nil\u0259n vaxt yenil\u0259m\u0259k h\u00fcququnu \u00f6z\u00fcm\u00fczd\u0259 saxlay\u0131r\u0131q. Yenil\u0259m\u0259l\u0259rd\u0259n sonra vebsaytdan istifad\u0259nin davam etdirilm\u0259si yenid\u0259n i\u015fl\u0259nmi\u015f \u015f\u0259rtl\u0259ri q\u0259bul etdiyiniz dem\u0259kdir.<\/p>\n\n\n\n<h3 class=\"wp-block-heading\">6. Biziml\u0259 \u0259laq\u0259 saxlay\u0131n<\/h3>\n\n\n\n<p>H\u0259r hans\u0131 bir sual\u0131n\u0131z varsa, biziml\u0259 [\u018flaq\u0259 E-po\u00e7tunu daxil edin] vasit\u0259sil\u0259 \u0259laq\u0259 saxlaya bil\u0259rsiniz.<\/p>\n\n\n\n<div style=\"height:30px\" aria-hidden=\"true\" class=\"wp-block-spacer\"><\/div>","protected":false},"excerpt":{"rendered":"<p>Effective Date: 01\/04\/2025 Welcome to Elevet (&#8220;Website&#8221;). By accessing and using https:\/\/elevet.site\/ (&#8220;we,&#8221; &#8220;us,&#8221; or &#8220;our&#8221;), you agree to comply with these Terms and Conditions. If you do not agree, please refrain from using our website. 1. Intellectual Property All content published on Elevet, including articles, images, logos, and graphics, is owned by us or [&hellip;]<\/p>","protected":false},"author":1,"featured_media":0,"parent":0,"menu_order":0,"comment_status":"closed","ping_status":"closed","template":"","meta":{"footnotes":""},"class_list":["post-331","page","type-page","status-publish","hentry"],"blocksy_meta":[],"_links":{"self":[{"href":"https:\/\/elevet.site\/az\/wp-json\/wp\/v2\/pages\/331","targetHints":{"allow":["GET"]}}],"collection":[{"href":"https:\/\/elevet.site\/az\/wp-json\/wp\/v2\/pages"}],"about":[{"href":"https:\/\/elevet.site\/az\/wp-json\/wp\/v2\/types\/page"}],"author":[{"embeddable":true,"href":"https:\/\/elevet.site\/az\/wp-json\/wp\/v2\/users\/1"}],"replies":[{"embeddable":true,"href":"https:\/\/elevet.site\/az\/wp-json\/wp\/v2\/comments?post=331"}],"version-history":[{"count":1,"href":"https:\/\/elevet.site\/az\/wp-json\/wp\/v2\/pages\/331\/revisions"}],"predecessor-version":[{"id":332,"href":"https:\/\/elevet.site\/az\/wp-json\/wp\/v2\/pages\/331\/revisions\/332"}],"wp:attachment":[{"href":"https:\/\/elevet.site\/az\/wp-json\/wp\/v2\/media?parent=331"}],"curies":[{"name":"wp","href":"https:\/\/api.w.org\/{rel}","templated":true}]}}