{"id":333,"date":"2025-04-01T13:28:39","date_gmt":"2025-04-01T13:28:39","guid":{"rendered":"https:\/\/elevet.site\/?page_id=333"},"modified":"2025-04-01T13:29:13","modified_gmt":"2025-04-01T13:29:13","slug":"cookie-policy","status":"publish","type":"page","link":"https:\/\/elevet.site\/az\/cookie-policy\/","title":{"rendered":"Kuki Siyas\u0259ti"},"content":{"rendered":"<p style=\"margin-top:30px\">Q\u00fcvv\u0259y\u0259 minm\u0259 tarixi: 01\/04\/2025<\/p>\n\n\n\n<h3 class=\"wp-block-heading\">1. Kukil\u0259r n\u0259dir?<\/h3>\n\n\n\n<p>Kukil\u0259r vebsayta daxil oldu\u011funuz zaman cihaz\u0131n\u0131zda saxlan\u0131lan ki\u00e7ik m\u0259tn fayllar\u0131d\u0131r. Onlar istifad\u0259\u00e7i t\u0259cr\u00fcb\u0259sini art\u0131rma\u011fa v\u0259 veb sayt\u0131n f\u0259aliyy\u0259tini t\u0259hlil etm\u0259y\u0259 k\u00f6m\u0259k edir.<\/p>\n\n\n\n<h3 class=\"wp-block-heading\">2. Kukil\u0259rd\u0259n nec\u0259 istifad\u0259 edirik<\/h3>\n\n\n\n<p>Elevet istifad\u0259\u00e7i m\u0259lumatlar\u0131n\u0131 toplamad\u0131\u011f\u0131ndan kukil\u0259rd\u0259n istifad\u0259miz minimald\u0131r. Bununla bel\u0259, biz kukil\u0259rd\u0259n a\u015fa\u011f\u0131dak\u0131lar \u00fc\u00e7\u00fcn istifad\u0259 ed\u0259 bil\u0259rik:<\/p>\n\n\n\n<ul class=\"wp-block-list\">\n<li>\u018fsas veb-sayt funksionall\u0131\u011f\u0131<\/li>\n\n\n\n<li>Anonim trafik analitikas\u0131 (m\u0259s\u0259l\u0259n, Google Analytics)<\/li>\n<\/ul>\n\n\n\n<h3 class=\"wp-block-heading\">3. Kukil\u0259rin idar\u0259 edilm\u0259si<\/h3>\n\n\n\n<p>Siz brauzerinizin parametrl\u0259ri vasit\u0259sil\u0259 kukil\u0259ri idar\u0259 ed\u0259 v\u0259 ya s\u00f6nd\u00fcr\u0259 bil\u0259rsiniz. Bununla bel\u0259, m\u00fc\u0259yy\u0259n kukil\u0259rin s\u00f6nd\u00fcr\u00fclm\u0259si veb sayt\u0131n funksionall\u0131\u011f\u0131na t\u0259sir g\u00f6st\u0259r\u0259 bil\u0259r.<\/p>\n\n\n\n<h3 class=\"wp-block-heading\">4. Bu Siyas\u0259td\u0259 Yenilikl\u0259r<\/h3>\n\n\n\n<p>Kuki siyas\u0259timizi vaxta\u015f\u0131r\u0131 yenil\u0259y\u0259 bil\u0259rik. D\u0259yi\u015fiklikl\u0259r bu s\u0259hif\u0259d\u0259 d\u0259rc olunacaq.<\/p>\n\n\n\n<h3 class=\"wp-block-heading\">5. Biziml\u0259 \u0259laq\u0259 saxlay\u0131n<\/h3>\n\n\n\n<p>Bu siyas\u0259tl\u0259 ba\u011fl\u0131 suallar\u0131n\u0131z \u00fc\u00e7\u00fcn, <a href=\"https:\/\/elevet.site\/az\/contact\/\" target=\"_blank\" rel=\"noreferrer noopener\">biziml\u0259 \u0259laq\u0259 saxlay\u0131n<\/a>.<\/p>\n\n\n\n<div style=\"height:30px\" aria-hidden=\"true\" class=\"wp-block-spacer\"><\/div>","protected":false},"excerpt":{"rendered":"<p>Effective Date: 01\/04\/2025 1. What Are Cookies? Cookies are small text files stored on your device when you visit a website. They help enhance user experience and analyze website performance. 2. How We Use Cookies Since Elevet does not collect user data, our use of cookies is minimal. However, we may use cookies for: 3. [&hellip;]<\/p>","protected":false},"author":1,"featured_media":0,"parent":0,"menu_order":0,"comment_status":"closed","ping_status":"closed","template":"","meta":{"footnotes":""},"class_list":["post-333","page","type-page","status-publish","hentry"],"blocksy_meta":[],"_links":{"self":[{"href":"https:\/\/elevet.site\/az\/wp-json\/wp\/v2\/pages\/333","targetHints":{"allow":["GET"]}}],"collection":[{"href":"https:\/\/elevet.site\/az\/wp-json\/wp\/v2\/pages"}],"about":[{"href":"https:\/\/elevet.site\/az\/wp-json\/wp\/v2\/types\/page"}],"author":[{"embeddable":true,"href":"https:\/\/elevet.site\/az\/wp-json\/wp\/v2\/users\/1"}],"replies":[{"embeddable":true,"href":"https:\/\/elevet.site\/az\/wp-json\/wp\/v2\/comments?post=333"}],"version-history":[{"count":2,"href":"https:\/\/elevet.site\/az\/wp-json\/wp\/v2\/pages\/333\/revisions"}],"predecessor-version":[{"id":335,"href":"https:\/\/elevet.site\/az\/wp-json\/wp\/v2\/pages\/333\/revisions\/335"}],"wp:attachment":[{"href":"https:\/\/elevet.site\/az\/wp-json\/wp\/v2\/media?parent=333"}],"curies":[{"name":"wp","href":"https:\/\/api.w.org\/{rel}","templated":true}]}}